{"id":4721,"date":"2025-05-12T08:53:55","date_gmt":"2025-05-12T01:53:55","guid":{"rendered":"https:\/\/vibasic.com\/?post_type=product&#038;p=4721"},"modified":"2025-11-14T15:25:33","modified_gmt":"2025-11-14T08:25:33","slug":"thot-tan-bi-ash-wood-vibasic-ghep-block-kich-thuoc-400x300x38mm-tang-kem-hop-qua-cao-cap","status":"publish","type":"product","link":"https:\/\/vibasic.com\/zh-hans\/san-pham\/thot-tan-bi-ash-wood-vibasic-ghep-block-kich-thuoc-400x300x38mm-tang-kem-hop-qua-cao-cap\/","title":{"rendered":"Th\u1edbt T\u1ea7n B\u00ec (Ash Wood) Vibasic gh\u00e9p block, K\u00edch th\u01b0\u1edbc 400x300x38mm, T\u1eb7ng k\u00e8m h\u1ed9p qu\u00e0 cao c\u1ea5p"},"content":{"rendered":"<ul>\n<li>Th\u1edbt T\u1ea7n B\u00ec (Ash wood) Vibasic gh\u00e9p block, k\u00edch th\u01b0\u1edbc 400x300x38mm chuy\u00ean b\u0103m &#8211; ch\u1eb7t- th\u00e1i. T\u1eb7ng k\u00e8m h\u1ed9p qu\u00e0 cao c\u1ea5p<\/li>\n<li>\u0110\u01b0\u1ee3c s\u1ea3n xu\u1ea5t t\u1ea1i nh\u00e0 m\u00e1y ra \u0111\u1eddi n\u0103m 1967- 58 n\u0103m kinh nghi\u1ec7m<\/li>\n<li>\u0110\u1ed1i t\u00e1c c\u00f4ng ty C\u1ed5 Ph\u1ea7n 26- B\u1ed9 Qu\u1ed1c ph\u00f2ng<\/li>\n<li>Th\u1edbt Vi\u1ec7t Nam xu\u1ea5t Nh\u1eadt- Gi\u00e1 Vi\u1ec7t Nam ti\u00eau chu\u1ea9n Nh\u1eadt<\/li>\n<\/ul>\n<p><strong>1. K\u00edch th\u01b0\u1edbc:<\/strong> 400x300x38mm (chuy\u00ean b\u0103m &#8211; ch\u1eb7t)<\/p>\n<p><img loading=\"lazy\" class=\"alignnone size-medium wp-image-4742\" src=\"https:\/\/vibasic.com\/wp-content\/uploads\/2025\/05\/bo\u0323\u0302-a\u0309nh-sp-nha\u0323\u0302n-die\u0323\u0302n-mo\u031b\u0301i-3_vt022-04-400x400.png\" alt=\"\" width=\"400\" height=\"400\" srcset=\"https:\/\/vibasic.com\/wp-content\/uploads\/2025\/05\/bo\u0323\u0302-a\u0309nh-sp-nha\u0323\u0302n-die\u0323\u0302n-mo\u031b\u0301i-3_vt022-04-400x400.png 400w, https:\/\/vibasic.com\/wp-content\/uploads\/2025\/05\/bo\u0323\u0302-a\u0309nh-sp-nha\u0323\u0302n-die\u0323\u0302n-mo\u031b\u0301i-3_vt022-04-1024x1024.png 1024w, https:\/\/vibasic.com\/wp-content\/uploads\/2025\/05\/bo\u0323\u0302-a\u0309nh-sp-nha\u0323\u0302n-die\u0323\u0302n-mo\u031b\u0301i-3_vt022-04-150x150.png 150w, https:\/\/vibasic.com\/wp-content\/uploads\/2025\/05\/bo\u0323\u0302-a\u0309nh-sp-nha\u0323\u0302n-die\u0323\u0302n-mo\u031b\u0301i-3_vt022-04-768x768.png 768w, https:\/\/vibasic.com\/wp-content\/uploads\/2025\/05\/bo\u0323\u0302-a\u0309nh-sp-nha\u0323\u0302n-die\u0323\u0302n-mo\u031b\u0301i-3_vt022-04-1536x1536.png 1536w, https:\/\/vibasic.com\/wp-content\/uploads\/2025\/05\/bo\u0323\u0302-a\u0309nh-sp-nha\u0323\u0302n-die\u0323\u0302n-mo\u031b\u0301i-3_vt022-04-2048x2048.png 2048w, https:\/\/vibasic.com\/wp-content\/uploads\/2025\/05\/bo\u0323\u0302-a\u0309nh-sp-nha\u0323\u0302n-die\u0323\u0302n-mo\u031b\u0301i-3_vt022-04-120x120.png 120w, https:\/\/vibasic.com\/wp-content\/uploads\/2025\/05\/bo\u0323\u0302-a\u0309nh-sp-nha\u0323\u0302n-die\u0323\u0302n-mo\u031b\u0301i-3_vt022-04-600x600.png 600w, https:\/\/vibasic.com\/wp-content\/uploads\/2025\/05\/bo\u0323\u0302-a\u0309nh-sp-nha\u0323\u0302n-die\u0323\u0302n-mo\u031b\u0301i-3_vt022-04-300x300.png 300w, https:\/\/vibasic.com\/wp-content\/uploads\/2025\/05\/bo\u0323\u0302-a\u0309nh-sp-nha\u0323\u0302n-die\u0323\u0302n-mo\u031b\u0301i-3_vt022-04-100x100.png 100w\" sizes=\"(max-width: 400px) 100vw, 400px\" \/><\/p>\n<p>&nbsp;<\/p>\n<p><strong>2. Ch\u1ea5t li\u1ec7u:<\/strong><\/p>\n<ul>\n<li>100% g\u1ed7 T\u1ea7n B\u00ec r\u1eebng tr\u1ed3ng, nh\u1eadp kh\u1ea9u ch\u00ednh ng\u1ea1ch t\u1eeb ch\u00e2u \u00c2u.<\/li>\n<\/ul>\n<p><strong>3. \u0110\u1eb7c \u0111i\u1ec3m:<\/strong><\/p>\n<ul>\n<li>Nguy\u00ean li\u1ec7u g\u1ed7 \u0111\u01b0\u1ee3c s\u1ea5y kh\u00f4 h\u1ea1n ch\u1ebf kh\u00f4 n\u1ee9t, m\u1ed1i m\u1ecdt, cong v\u00eanh<\/li>\n<li>H\u1ea1n ch\u1ebf t\u00ecnh tr\u1ea1ng d\u0103m, m\u00f9n, n\u1ea5m m\u1ed1c<\/li>\n<li>Th\u00e2n thi\u1ec7n v\u1edbi l\u01b0\u1ee1i dao, kh\u00f4ng l\u00e0m x\u01b0\u1edbc dao<\/li>\n<li>An to\u00e0n v\u1edbi th\u1ef1c ph\u1ea9m ch\u00edn v\u00e0 s\u1ee9c kho\u1ebb ng\u01b0\u1eddi s\u1eed d\u1ee5ng<\/li>\n<li>H\u1ea1n ch\u1ebf \u0111\u1ec3 l\u1ea1i v\u1ebft dao<\/li>\n<\/ul>\n<p><strong>4. L\u01b0u \u00fd:<\/strong><\/p>\n<ul>\n<li>R\u1eeda th\u1edbt b\u1eb1ng n\u01b0\u1edbc \u1ea5m v\u1edbi c\u00e1c ch\u1ea5t t\u1ea9y r\u1eeda nh\u1eb9 sau m\u1ed7i l\u1ea7n s\u1eed d\u1ee5ng v\u00e0 lau kh\u00f4 b\u1eb1ng kh\u0103n s\u1ea1ch ho\u1eb7c \u0111\u1ec3 kh\u00f4 t\u1ef1 nhi\u00ean<\/li>\n<li>C\u00f3 th\u1ec3 d\u00f9ng d\u1ea7u th\u1ef1c v\u1eadt, baking soda, chanh ho\u1eb7c gi\u1ea5m \u0111\u1ec3 kh\u1eed m\u00f9i v\u00e0 v\u1ec7 sinh th\u1edbt \u0111\u1ecbnh k\u00ec<\/li>\n<li>Kh\u00f4ng ng\u00e2m th\u1edbt v\u00e0o n\u01b0\u1edbc<\/li>\n<li>Kh\u00f4ng d\u00f9ng m\u00e1y r\u1eeda b\u00e1t<\/li>\n<\/ul>\n<p><strong>5. Ch\u00ednh s\u00e1ch b\u1ea3o h\u00e0nh :<\/strong><\/p>\n<p><em><strong>3 th\u00e1ng<\/strong> &#8211; th\u1edbt ch\u1eb7t, k\u1ec3 t\u1eeb ng\u00e0y nh\u1eadn h\u00e0ng l\u1ed7i t\u1eeb nh\u00e0 s\u1ea3n xu\u1ea5t nh\u01b0 cong v\u00eanh, n\u1ee9t m\u1ed1i gh\u00e9p.<\/em><\/p>\n","protected":false},"excerpt":{"rendered":"<ul>\n<li>Th\u1edbt T\u1ea7n B\u00ec (Ash wood) Vibasic gh\u00e9p block, k\u00edch th\u01b0\u1edbc 400x300x38mm chuy\u00ean b\u0103m &#8211; ch\u1eb7t- th\u00e1i. T\u1eb7ng k\u00e8m h\u1ed9p qu\u00e0 cao c\u1ea5p<\/li>\n<li>\u0110\u01b0\u1ee3c s\u1ea3n xu\u1ea5t t\u1ea1i nh\u00e0 m\u00e1y ra \u0111\u1eddi n\u0103m 1967- 58 n\u0103m kinh nghi\u1ec7m<\/li>\n<li>\u0110\u1ed1i t\u00e1c c\u00f4ng ty C\u1ed5 Ph\u1ea7n 26- B\u1ed9 Qu\u1ed1c ph\u00f2ng<\/li>\n<li>Th\u1edbt Vi\u1ec7t Nam xu\u1ea5t Nh\u1eadt- Gi\u00e1 Vi\u1ec7t Nam ti\u00eau chu\u1ea9n Nh\u1eadt<\/li>\n<\/ul>\n<p><strong>1. K\u00edch th\u01b0\u1edbc:<\/strong> 400x300x38mm (chuy\u00ean b\u0103m &#8211; ch\u1eb7t)<\/p>\n<p><img loading=\"lazy\" class=\"alignnone size-medium wp-image-4742\" src=\"https:\/\/vibasic.com\/wp-content\/uploads\/2025\/05\/bo\u0323\u0302-a\u0309nh-sp-nha\u0323\u0302n-die\u0323\u0302n-mo\u031b\u0301i-3_vt022-04-400x400.png\" alt=\"\" width=\"400\" height=\"400\" srcset=\"https:\/\/vibasic.com\/wp-content\/uploads\/2025\/05\/bo\u0323\u0302-a\u0309nh-sp-nha\u0323\u0302n-die\u0323\u0302n-mo\u031b\u0301i-3_vt022-04-400x400.png 400w, https:\/\/vibasic.com\/wp-content\/uploads\/2025\/05\/bo\u0323\u0302-a\u0309nh-sp-nha\u0323\u0302n-die\u0323\u0302n-mo\u031b\u0301i-3_vt022-04-1024x1024.png 1024w, https:\/\/vibasic.com\/wp-content\/uploads\/2025\/05\/bo\u0323\u0302-a\u0309nh-sp-nha\u0323\u0302n-die\u0323\u0302n-mo\u031b\u0301i-3_vt022-04-150x150.png 150w, https:\/\/vibasic.com\/wp-content\/uploads\/2025\/05\/bo\u0323\u0302-a\u0309nh-sp-nha\u0323\u0302n-die\u0323\u0302n-mo\u031b\u0301i-3_vt022-04-768x768.png 768w, https:\/\/vibasic.com\/wp-content\/uploads\/2025\/05\/bo\u0323\u0302-a\u0309nh-sp-nha\u0323\u0302n-die\u0323\u0302n-mo\u031b\u0301i-3_vt022-04-1536x1536.png 1536w, https:\/\/vibasic.com\/wp-content\/uploads\/2025\/05\/bo\u0323\u0302-a\u0309nh-sp-nha\u0323\u0302n-die\u0323\u0302n-mo\u031b\u0301i-3_vt022-04-2048x2048.png 2048w, https:\/\/vibasic.com\/wp-content\/uploads\/2025\/05\/bo\u0323\u0302-a\u0309nh-sp-nha\u0323\u0302n-die\u0323\u0302n-mo\u031b\u0301i-3_vt022-04-120x120.png 120w, https:\/\/vibasic.com\/wp-content\/uploads\/2025\/05\/bo\u0323\u0302-a\u0309nh-sp-nha\u0323\u0302n-die\u0323\u0302n-mo\u031b\u0301i-3_vt022-04-600x600.png 600w, https:\/\/vibasic.com\/wp-content\/uploads\/2025\/05\/bo\u0323\u0302-a\u0309nh-sp-nha\u0323\u0302n-die\u0323\u0302n-mo\u031b\u0301i-3_vt022-04-300x300.png 300w, https:\/\/vibasic.com\/wp-content\/uploads\/2025\/05\/bo\u0323\u0302-a\u0309nh-sp-nha\u0323\u0302n-die\u0323\u0302n-mo\u031b\u0301i-3_vt022-04-100x100.png 100w\" sizes=\"(max-width: 400px) 100vw, 400px\" \/><\/p>\n<p>&nbsp;<\/p>\n<p><strong>2. Ch\u1ea5t li\u1ec7u:<\/strong><\/p>\n<ul>\n<li>100% g\u1ed7 T\u1ea7n B\u00ec r\u1eebng tr\u1ed3ng, nh\u1eadp kh\u1ea9u ch\u00ednh ng\u1ea1ch t\u1eeb ch\u00e2u \u00c2u.<\/li>\n<\/ul>\n<p><strong>3. \u0110\u1eb7c \u0111i\u1ec3m:<\/strong><\/p>\n<ul>\n<li>Nguy\u00ean li\u1ec7u g\u1ed7 \u0111\u01b0\u1ee3c s\u1ea5y kh\u00f4 h\u1ea1n ch\u1ebf kh\u00f4 n\u1ee9t, m\u1ed1i m\u1ecdt, cong v\u00eanh<\/li>\n<li>H\u1ea1n ch\u1ebf t\u00ecnh tr\u1ea1ng d\u0103m, m\u00f9n, n\u1ea5m m\u1ed1c<\/li>\n<li>Th\u00e2n thi\u1ec7n v\u1edbi l\u01b0\u1ee1i dao, kh\u00f4ng l\u00e0m x\u01b0\u1edbc dao<\/li>\n<li>An to\u00e0n v\u1edbi th\u1ef1c ph\u1ea9m ch\u00edn v\u00e0 s\u1ee9c kho\u1ebb ng\u01b0\u1eddi s\u1eed d\u1ee5ng<\/li>\n<li>H\u1ea1n ch\u1ebf \u0111\u1ec3 l\u1ea1i v\u1ebft dao<\/li>\n<\/ul>\n<p><strong>4. L\u01b0u \u00fd:<\/strong><\/p>\n<ul>\n<li>R\u1eeda th\u1edbt b\u1eb1ng n\u01b0\u1edbc \u1ea5m v\u1edbi c\u00e1c ch\u1ea5t t\u1ea9y r\u1eeda nh\u1eb9 sau m\u1ed7i l\u1ea7n s\u1eed d\u1ee5ng v\u00e0 lau kh\u00f4 b\u1eb1ng kh\u0103n s\u1ea1ch ho\u1eb7c \u0111\u1ec3 kh\u00f4 t\u1ef1 nhi\u00ean<\/li>\n<li>C\u00f3 th\u1ec3 d\u00f9ng d\u1ea7u th\u1ef1c v\u1eadt, baking soda, chanh ho\u1eb7c gi\u1ea5m \u0111\u1ec3 kh\u1eed m\u00f9i v\u00e0 v\u1ec7 sinh th\u1edbt \u0111\u1ecbnh k\u00ec<\/li>\n<li>Kh\u00f4ng ng\u00e2m th\u1edbt v\u00e0o n\u01b0\u1edbc<\/li>\n<li>Kh\u00f4ng d\u00f9ng m\u00e1y r\u1eeda b\u00e1t<\/li>\n<\/ul>\n<p><strong>5. Ch\u00ednh s\u00e1ch b\u1ea3o h\u00e0nh :<\/strong><\/p>\n<p><em><strong>3 th\u00e1ng<\/strong> &#8211; th\u1edbt ch\u1eb7t, k\u1ec3 t\u1eeb ng\u00e0y nh\u1eadn h\u00e0ng l\u1ed7i t\u1eeb nh\u00e0 s\u1ea3n xu\u1ea5t nh\u01b0 cong v\u00eanh, n\u1ee9t m\u1ed1i gh\u00e9p.<\/em><\/p>\n","protected":false},"featured_media":4727,"comment_status":"open","ping_status":"closed","template":"","meta":[],"product_cat":[269,264,270],"product_tag":[],"yoast_head":"<!-- This site is optimized with the Yoast SEO plugin v19.1 - https:\/\/yoast.com\/wordpress\/plugins\/seo\/ -->\n<title>Th\u1edbt T\u1ea7n B\u00ec (Ash Wood) Vibasic gh\u00e9p block, K\u00edch th\u01b0\u1edbc 400x300x38mm, T\u1eb7ng k\u00e8m h\u1ed9p qu\u00e0 cao c\u1ea5p - Vibasic.com<\/title>\n<meta name=\"robots\" content=\"index, follow, max-snippet:-1, max-image-preview:large, max-video-preview:-1\" \/>\n<link rel=\"canonical\" href=\"https:\/\/vibasic.com\/zh-hans\/san-pham\/thot-tan-bi-ash-wood-vibasic-ghep-block-kich-thuoc-400x300x38mm-tang-kem-hop-qua-cao-cap\/\" \/>\n<meta property=\"og:locale\" content=\"zh_CN\" \/>\n<meta property=\"og:type\" content=\"article\" \/>\n<meta property=\"og:title\" content=\"Th\u1edbt T\u1ea7n B\u00ec (Ash Wood) Vibasic gh\u00e9p block, K\u00edch th\u01b0\u1edbc 400x300x38mm, T\u1eb7ng k\u00e8m h\u1ed9p qu\u00e0 cao c\u1ea5p - Vibasic.com\" \/>\n<meta property=\"og:description\" content=\"Th\u1edbt T\u1ea7n B\u00ec (Ash wood) Vibasic gh\u00e9p block, k\u00edch th\u01b0\u1edbc 400x300x38mm chuy\u00ean b\u0103m - ch\u1eb7t- th\u00e1i. T\u1eb7ng k\u00e8m h\u1ed9p qu\u00e0 cao c\u1ea5p  \u0110\u01b0\u1ee3c s\u1ea3n xu\u1ea5t t\u1ea1i nh\u00e0 m\u00e1y ra \u0111\u1eddi n\u0103m 1967- 58 n\u0103m kinh nghi\u1ec7m  \u0110\u1ed1i t\u00e1c c\u00f4ng ty C\u1ed5 Ph\u1ea7n 26- B\u1ed9 Qu\u1ed1c ph\u00f2ng  Th\u1edbt Vi\u1ec7t Nam xu\u1ea5t Nh\u1eadt- Gi\u00e1 Vi\u1ec7t Nam ti\u00eau chu\u1ea9n Nh\u1eadt  1. K\u00edch th\u01b0\u1edbc: 400x300x38mm (chuy\u00ean b\u0103m - ch\u1eb7t)    &nbsp;  2. Ch\u1ea5t li\u1ec7u:   100% g\u1ed7 T\u1ea7n B\u00ec r\u1eebng tr\u1ed3ng, nh\u1eadp kh\u1ea9u ch\u00ednh ng\u1ea1ch t\u1eeb ch\u00e2u \u00c2u.  3. \u0110\u1eb7c \u0111i\u1ec3m:   Nguy\u00ean li\u1ec7u g\u1ed7 \u0111\u01b0\u1ee3c s\u1ea5y kh\u00f4 h\u1ea1n ch\u1ebf kh\u00f4 n\u1ee9t, m\u1ed1i m\u1ecdt, cong v\u00eanh  H\u1ea1n ch\u1ebf t\u00ecnh tr\u1ea1ng d\u0103m, m\u00f9n, n\u1ea5m m\u1ed1c  Th\u00e2n thi\u1ec7n v\u1edbi l\u01b0\u1ee1i dao, kh\u00f4ng l\u00e0m x\u01b0\u1edbc dao  An to\u00e0n v\u1edbi th\u1ef1c ph\u1ea9m ch\u00edn v\u00e0 s\u1ee9c kho\u1ebb ng\u01b0\u1eddi s\u1eed d\u1ee5ng  H\u1ea1n ch\u1ebf \u0111\u1ec3 l\u1ea1i v\u1ebft dao  4. L\u01b0u \u00fd:   R\u1eeda th\u1edbt b\u1eb1ng n\u01b0\u1edbc \u1ea5m v\u1edbi c\u00e1c ch\u1ea5t t\u1ea9y r\u1eeda nh\u1eb9 sau m\u1ed7i l\u1ea7n s\u1eed d\u1ee5ng v\u00e0 lau kh\u00f4 b\u1eb1ng kh\u0103n s\u1ea1ch ho\u1eb7c \u0111\u1ec3 kh\u00f4 t\u1ef1 nhi\u00ean  C\u00f3 th\u1ec3 d\u00f9ng d\u1ea7u th\u1ef1c v\u1eadt, baking soda, chanh ho\u1eb7c gi\u1ea5m \u0111\u1ec3 kh\u1eed m\u00f9i v\u00e0 v\u1ec7 sinh th\u1edbt \u0111\u1ecbnh k\u00ec  Kh\u00f4ng ng\u00e2m th\u1edbt v\u00e0o n\u01b0\u1edbc  Kh\u00f4ng d\u00f9ng m\u00e1y r\u1eeda b\u00e1t  5. Ch\u00ednh s\u00e1ch b\u1ea3o h\u00e0nh :  3 th\u00e1ng - th\u1edbt ch\u1eb7t, k\u1ec3 t\u1eeb ng\u00e0y nh\u1eadn h\u00e0ng l\u1ed7i t\u1eeb nh\u00e0 s\u1ea3n xu\u1ea5t nh\u01b0 cong v\u00eanh, n\u1ee9t m\u1ed1i gh\u00e9p.\" \/>\n<meta property=\"og:url\" content=\"https:\/\/vibasic.com\/san-pham\/thot-tan-bi-ash-wood-vibasic-ghep-block-kich-thuoc-400x300x38mm-tang-kem-hop-qua-cao-cap\/\" \/>\n<meta property=\"og:site_name\" content=\"Vibasic.com\" \/>\n<meta property=\"article:modified_time\" content=\"2025-11-14T08:25:33+00:00\" \/>\n<meta property=\"og:image\" content=\"https:\/\/vibasic.com\/wp-content\/uploads\/2025\/05\/bo\u0323\u0302-a\u0309nh-sp-nha\u0323\u0302n-die\u0323\u0302n-mo\u031b\u0301i-3_vt022-thumnail.png\" \/>\n\t<meta property=\"og:image:width\" content=\"2080\" \/>\n\t<meta property=\"og:image:height\" content=\"2080\" \/>\n\t<meta property=\"og:image:type\" content=\"image\/png\" \/>\n<meta name=\"twitter:card\" content=\"summary_large_image\" \/>\n<meta name=\"twitter:label1\" content=\"\u9884\u8ba1\u9605\u8bfb\u65f6\u95f4\" \/>\n\t<meta name=\"twitter:data1\" content=\"2\u5206\" \/>\n<script type=\"application\/ld+json\" class=\"yoast-schema-graph\">{\"@context\":\"https:\/\/schema.org\",\"@graph\":[{\"@type\":\"WebSite\",\"@id\":\"https:\/\/vibasic.com\/#website\",\"url\":\"https:\/\/vibasic.com\/\",\"name\":\"Vibasic.com\",\"description\":\"Th\u1edbt g\u1ed7 teak cao c\u1ea5p\",\"potentialAction\":[{\"@type\":\"SearchAction\",\"target\":{\"@type\":\"EntryPoint\",\"urlTemplate\":\"https:\/\/vibasic.com\/?s={search_term_string}\"},\"query-input\":\"required name=search_term_string\"}],\"inLanguage\":\"zh-CN\"},{\"@type\":\"ImageObject\",\"inLanguage\":\"zh-CN\",\"@id\":\"https:\/\/vibasic.com\/san-pham\/thot-tan-bi-ash-wood-vibasic-ghep-block-kich-thuoc-400x300x38mm-tang-kem-hop-qua-cao-cap\/#primaryimage\",\"url\":\"https:\/\/vibasic.com\/wp-content\/uploads\/2025\/05\/bo\u0323\u0302-a\u0309nh-sp-nha\u0323\u0302n-die\u0323\u0302n-mo\u031b\u0301i-3_vt022-thumnail.png\",\"contentUrl\":\"https:\/\/vibasic.com\/wp-content\/uploads\/2025\/05\/bo\u0323\u0302-a\u0309nh-sp-nha\u0323\u0302n-die\u0323\u0302n-mo\u031b\u0301i-3_vt022-thumnail.png\",\"width\":2080,\"height\":2080},{\"@type\":\"WebPage\",\"@id\":\"https:\/\/vibasic.com\/san-pham\/thot-tan-bi-ash-wood-vibasic-ghep-block-kich-thuoc-400x300x38mm-tang-kem-hop-qua-cao-cap\/#webpage\",\"url\":\"https:\/\/vibasic.com\/san-pham\/thot-tan-bi-ash-wood-vibasic-ghep-block-kich-thuoc-400x300x38mm-tang-kem-hop-qua-cao-cap\/\",\"name\":\"Th\u1edbt T\u1ea7n B\u00ec (Ash Wood) Vibasic gh\u00e9p block, K\u00edch th\u01b0\u1edbc 400x300x38mm, T\u1eb7ng k\u00e8m h\u1ed9p qu\u00e0 cao c\u1ea5p - Vibasic.com\",\"isPartOf\":{\"@id\":\"https:\/\/vibasic.com\/#website\"},\"primaryImageOfPage\":{\"@id\":\"https:\/\/vibasic.com\/san-pham\/thot-tan-bi-ash-wood-vibasic-ghep-block-kich-thuoc-400x300x38mm-tang-kem-hop-qua-cao-cap\/#primaryimage\"},\"datePublished\":\"2025-05-12T01:53:55+00:00\",\"dateModified\":\"2025-11-14T08:25:33+00:00\",\"breadcrumb\":{\"@id\":\"https:\/\/vibasic.com\/san-pham\/thot-tan-bi-ash-wood-vibasic-ghep-block-kich-thuoc-400x300x38mm-tang-kem-hop-qua-cao-cap\/#breadcrumb\"},\"inLanguage\":\"zh-CN\",\"potentialAction\":[{\"@type\":\"ReadAction\",\"target\":[\"https:\/\/vibasic.com\/san-pham\/thot-tan-bi-ash-wood-vibasic-ghep-block-kich-thuoc-400x300x38mm-tang-kem-hop-qua-cao-cap\/\"]}]},{\"@type\":\"BreadcrumbList\",\"@id\":\"https:\/\/vibasic.com\/san-pham\/thot-tan-bi-ash-wood-vibasic-ghep-block-kich-thuoc-400x300x38mm-tang-kem-hop-qua-cao-cap\/#breadcrumb\",\"itemListElement\":[{\"@type\":\"ListItem\",\"position\":1,\"name\":\"Home\",\"item\":\"https:\/\/vibasic.com\/zh-hans\/\"},{\"@type\":\"ListItem\",\"position\":2,\"name\":\"\u5e97\u94fa\",\"item\":\"https:\/\/vibasic.com\/%e5%ba%97%e9%93%ba\/\"},{\"@type\":\"ListItem\",\"position\":3,\"name\":\"Th\u1edbt T\u1ea7n B\u00ec (Ash Wood) Vibasic gh\u00e9p block, K\u00edch th\u01b0\u1edbc 400x300x38mm, T\u1eb7ng k\u00e8m h\u1ed9p qu\u00e0 cao c\u1ea5p\"}]}]}<\/script>\n<!-- \/ Yoast SEO plugin. -->","yoast_head_json":{"title":"Th\u1edbt T\u1ea7n B\u00ec (Ash Wood) Vibasic gh\u00e9p block, K\u00edch th\u01b0\u1edbc 400x300x38mm, T\u1eb7ng k\u00e8m h\u1ed9p qu\u00e0 cao c\u1ea5p - Vibasic.com","robots":{"index":"index","follow":"follow","max-snippet":"max-snippet:-1","max-image-preview":"max-image-preview:large","max-video-preview":"max-video-preview:-1"},"canonical":"https:\/\/vibasic.com\/zh-hans\/san-pham\/thot-tan-bi-ash-wood-vibasic-ghep-block-kich-thuoc-400x300x38mm-tang-kem-hop-qua-cao-cap\/","og_locale":"zh_CN","og_type":"article","og_title":"Th\u1edbt T\u1ea7n B\u00ec (Ash Wood) Vibasic gh\u00e9p block, K\u00edch th\u01b0\u1edbc 400x300x38mm, T\u1eb7ng k\u00e8m h\u1ed9p qu\u00e0 cao c\u1ea5p - Vibasic.com","og_description":"Th\u1edbt T\u1ea7n B\u00ec (Ash wood) Vibasic gh\u00e9p block, k\u00edch th\u01b0\u1edbc 400x300x38mm chuy\u00ean b\u0103m - ch\u1eb7t- th\u00e1i. T\u1eb7ng k\u00e8m h\u1ed9p qu\u00e0 cao c\u1ea5p  \u0110\u01b0\u1ee3c s\u1ea3n xu\u1ea5t t\u1ea1i nh\u00e0 m\u00e1y ra \u0111\u1eddi n\u0103m 1967- 58 n\u0103m kinh nghi\u1ec7m  \u0110\u1ed1i t\u00e1c c\u00f4ng ty C\u1ed5 Ph\u1ea7n 26- B\u1ed9 Qu\u1ed1c ph\u00f2ng  Th\u1edbt Vi\u1ec7t Nam xu\u1ea5t Nh\u1eadt- Gi\u00e1 Vi\u1ec7t Nam ti\u00eau chu\u1ea9n Nh\u1eadt  1. K\u00edch th\u01b0\u1edbc: 400x300x38mm (chuy\u00ean b\u0103m - ch\u1eb7t)    &nbsp;  2. Ch\u1ea5t li\u1ec7u:   100% g\u1ed7 T\u1ea7n B\u00ec r\u1eebng tr\u1ed3ng, nh\u1eadp kh\u1ea9u ch\u00ednh ng\u1ea1ch t\u1eeb ch\u00e2u \u00c2u.  3. \u0110\u1eb7c \u0111i\u1ec3m:   Nguy\u00ean li\u1ec7u g\u1ed7 \u0111\u01b0\u1ee3c s\u1ea5y kh\u00f4 h\u1ea1n ch\u1ebf kh\u00f4 n\u1ee9t, m\u1ed1i m\u1ecdt, cong v\u00eanh  H\u1ea1n ch\u1ebf t\u00ecnh tr\u1ea1ng d\u0103m, m\u00f9n, n\u1ea5m m\u1ed1c  Th\u00e2n thi\u1ec7n v\u1edbi l\u01b0\u1ee1i dao, kh\u00f4ng l\u00e0m x\u01b0\u1edbc dao  An to\u00e0n v\u1edbi th\u1ef1c ph\u1ea9m ch\u00edn v\u00e0 s\u1ee9c kho\u1ebb ng\u01b0\u1eddi s\u1eed d\u1ee5ng  H\u1ea1n ch\u1ebf \u0111\u1ec3 l\u1ea1i v\u1ebft dao  4. L\u01b0u \u00fd:   R\u1eeda th\u1edbt b\u1eb1ng n\u01b0\u1edbc \u1ea5m v\u1edbi c\u00e1c ch\u1ea5t t\u1ea9y r\u1eeda nh\u1eb9 sau m\u1ed7i l\u1ea7n s\u1eed d\u1ee5ng v\u00e0 lau kh\u00f4 b\u1eb1ng kh\u0103n s\u1ea1ch ho\u1eb7c \u0111\u1ec3 kh\u00f4 t\u1ef1 nhi\u00ean  C\u00f3 th\u1ec3 d\u00f9ng d\u1ea7u th\u1ef1c v\u1eadt, baking soda, chanh ho\u1eb7c gi\u1ea5m \u0111\u1ec3 kh\u1eed m\u00f9i v\u00e0 v\u1ec7 sinh th\u1edbt \u0111\u1ecbnh k\u00ec  Kh\u00f4ng ng\u00e2m th\u1edbt v\u00e0o n\u01b0\u1edbc  Kh\u00f4ng d\u00f9ng m\u00e1y r\u1eeda b\u00e1t  5. Ch\u00ednh s\u00e1ch b\u1ea3o h\u00e0nh :  3 th\u00e1ng - th\u1edbt ch\u1eb7t, k\u1ec3 t\u1eeb ng\u00e0y nh\u1eadn h\u00e0ng l\u1ed7i t\u1eeb nh\u00e0 s\u1ea3n xu\u1ea5t nh\u01b0 cong v\u00eanh, n\u1ee9t m\u1ed1i gh\u00e9p.","og_url":"https:\/\/vibasic.com\/san-pham\/thot-tan-bi-ash-wood-vibasic-ghep-block-kich-thuoc-400x300x38mm-tang-kem-hop-qua-cao-cap\/","og_site_name":"Vibasic.com","article_modified_time":"2025-11-14T08:25:33+00:00","og_image":[{"width":2080,"height":2080,"url":"https:\/\/vibasic.com\/wp-content\/uploads\/2025\/05\/bo\u0323\u0302-a\u0309nh-sp-nha\u0323\u0302n-die\u0323\u0302n-mo\u031b\u0301i-3_vt022-thumnail.png","type":"image\/png"}],"twitter_card":"summary_large_image","twitter_misc":{"\u9884\u8ba1\u9605\u8bfb\u65f6\u95f4":"2\u5206"},"schema":{"@context":"https:\/\/schema.org","@graph":[{"@type":"WebSite","@id":"https:\/\/vibasic.com\/#website","url":"https:\/\/vibasic.com\/","name":"Vibasic.com","description":"Th\u1edbt g\u1ed7 teak cao c\u1ea5p","potentialAction":[{"@type":"SearchAction","target":{"@type":"EntryPoint","urlTemplate":"https:\/\/vibasic.com\/?s={search_term_string}"},"query-input":"required name=search_term_string"}],"inLanguage":"zh-CN"},{"@type":"ImageObject","inLanguage":"zh-CN","@id":"https:\/\/vibasic.com\/san-pham\/thot-tan-bi-ash-wood-vibasic-ghep-block-kich-thuoc-400x300x38mm-tang-kem-hop-qua-cao-cap\/#primaryimage","url":"https:\/\/vibasic.com\/wp-content\/uploads\/2025\/05\/bo\u0323\u0302-a\u0309nh-sp-nha\u0323\u0302n-die\u0323\u0302n-mo\u031b\u0301i-3_vt022-thumnail.png","contentUrl":"https:\/\/vibasic.com\/wp-content\/uploads\/2025\/05\/bo\u0323\u0302-a\u0309nh-sp-nha\u0323\u0302n-die\u0323\u0302n-mo\u031b\u0301i-3_vt022-thumnail.png","width":2080,"height":2080},{"@type":"WebPage","@id":"https:\/\/vibasic.com\/san-pham\/thot-tan-bi-ash-wood-vibasic-ghep-block-kich-thuoc-400x300x38mm-tang-kem-hop-qua-cao-cap\/#webpage","url":"https:\/\/vibasic.com\/san-pham\/thot-tan-bi-ash-wood-vibasic-ghep-block-kich-thuoc-400x300x38mm-tang-kem-hop-qua-cao-cap\/","name":"Th\u1edbt T\u1ea7n B\u00ec (Ash Wood) Vibasic gh\u00e9p block, K\u00edch th\u01b0\u1edbc 400x300x38mm, T\u1eb7ng k\u00e8m h\u1ed9p qu\u00e0 cao c\u1ea5p - Vibasic.com","isPartOf":{"@id":"https:\/\/vibasic.com\/#website"},"primaryImageOfPage":{"@id":"https:\/\/vibasic.com\/san-pham\/thot-tan-bi-ash-wood-vibasic-ghep-block-kich-thuoc-400x300x38mm-tang-kem-hop-qua-cao-cap\/#primaryimage"},"datePublished":"2025-05-12T01:53:55+00:00","dateModified":"2025-11-14T08:25:33+00:00","breadcrumb":{"@id":"https:\/\/vibasic.com\/san-pham\/thot-tan-bi-ash-wood-vibasic-ghep-block-kich-thuoc-400x300x38mm-tang-kem-hop-qua-cao-cap\/#breadcrumb"},"inLanguage":"zh-CN","potentialAction":[{"@type":"ReadAction","target":["https:\/\/vibasic.com\/san-pham\/thot-tan-bi-ash-wood-vibasic-ghep-block-kich-thuoc-400x300x38mm-tang-kem-hop-qua-cao-cap\/"]}]},{"@type":"BreadcrumbList","@id":"https:\/\/vibasic.com\/san-pham\/thot-tan-bi-ash-wood-vibasic-ghep-block-kich-thuoc-400x300x38mm-tang-kem-hop-qua-cao-cap\/#breadcrumb","itemListElement":[{"@type":"ListItem","position":1,"name":"Home","item":"https:\/\/vibasic.com\/zh-hans\/"},{"@type":"ListItem","position":2,"name":"\u5e97\u94fa","item":"https:\/\/vibasic.com\/%e5%ba%97%e9%93%ba\/"},{"@type":"ListItem","position":3,"name":"Th\u1edbt T\u1ea7n B\u00ec (Ash Wood) Vibasic gh\u00e9p block, K\u00edch th\u01b0\u1edbc 400x300x38mm, T\u1eb7ng k\u00e8m h\u1ed9p qu\u00e0 cao c\u1ea5p"}]}]}},"_links":{"self":[{"href":"https:\/\/vibasic.com\/zh-hans\/wp-json\/wp\/v2\/product\/4721"}],"collection":[{"href":"https:\/\/vibasic.com\/zh-hans\/wp-json\/wp\/v2\/product"}],"about":[{"href":"https:\/\/vibasic.com\/zh-hans\/wp-json\/wp\/v2\/types\/product"}],"replies":[{"embeddable":true,"href":"https:\/\/vibasic.com\/zh-hans\/wp-json\/wp\/v2\/comments?post=4721"}],"wp:featuredmedia":[{"embeddable":true,"href":"https:\/\/vibasic.com\/zh-hans\/wp-json\/wp\/v2\/media\/4727"}],"wp:attachment":[{"href":"https:\/\/vibasic.com\/zh-hans\/wp-json\/wp\/v2\/media?parent=4721"}],"wp:term":[{"taxonomy":"product_cat","embeddable":true,"href":"https:\/\/vibasic.com\/zh-hans\/wp-json\/wp\/v2\/product_cat?post=4721"},{"taxonomy":"product_tag","embeddable":true,"href":"https:\/\/vibasic.com\/zh-hans\/wp-json\/wp\/v2\/product_tag?post=4721"}],"curies":[{"name":"wp","href":"https:\/\/api.w.org\/{rel}","templated":true}]}}