{"id":4359,"date":"2025-02-21T11:27:08","date_gmt":"2025-02-21T04:27:08","guid":{"rendered":"https:\/\/vibasic.com\/?post_type=product&#038;p=4359"},"modified":"2025-12-31T09:29:20","modified_gmt":"2025-12-31T02:29:20","slug":"bo-thot-uyen-uong-go-teak-ghep-ngang-solid-kich-thuoc-400x220x18mm-340x220x18mm","status":"publish","type":"product","link":"https:\/\/vibasic.com\/ja\/san-pham\/bo-thot-uyen-uong-go-teak-ghep-ngang-solid-kich-thuoc-400x220x18mm-340x220x18mm\/","title":{"rendered":"B\u1ed9 th\u1edbt Uy\u00ean \u01b0\u01a1ng g\u1ed7 Teak gh\u00e9p ngang solid, k\u00edch th\u01b0\u1edbc 400x220x18mm &#038; 340x220x18mm"},"content":{"rendered":"<p><strong>1. K\u00edch th\u01b0\u1edbc<\/strong>: 400x220x18mm &amp; 340x220x18mm<\/p>\n<p><img loading=\"lazy\" class=\"alignnone size-medium wp-image-4375\" src=\"https:\/\/vibasic.com\/wp-content\/uploads\/2025\/02\/vt29_3-400x400.jpg\" alt=\"\" width=\"400\" height=\"400\" srcset=\"https:\/\/vibasic.com\/wp-content\/uploads\/2025\/02\/vt29_3-400x400.jpg 400w, https:\/\/vibasic.com\/wp-content\/uploads\/2025\/02\/vt29_3-150x150.jpg 150w, https:\/\/vibasic.com\/wp-content\/uploads\/2025\/02\/vt29_3-768x768.jpg 768w, https:\/\/vibasic.com\/wp-content\/uploads\/2025\/02\/vt29_3-120x120.jpg 120w, https:\/\/vibasic.com\/wp-content\/uploads\/2025\/02\/vt29_3-600x600.jpg 600w, https:\/\/vibasic.com\/wp-content\/uploads\/2025\/02\/vt29_3-300x300.jpg 300w, https:\/\/vibasic.com\/wp-content\/uploads\/2025\/02\/vt29_3-100x100.jpg 100w, https:\/\/vibasic.com\/wp-content\/uploads\/2025\/02\/vt29_3.jpg 1000w\" sizes=\"(max-width: 400px) 100vw, 400px\" \/><\/p>\n<p>&nbsp;<\/p>\n<p><strong>2. Ch\u1ea5t li\u1ec7u:<\/strong> 100% g\u1ed7 Teak r\u1eebng tr\u1ed3ng<\/p>\n<p><strong>3. \u0110\u1eb7c \u0111i\u1ec3m<\/strong><br \/>\n&#8211; Nguy\u00ean li\u1ec7u g\u1ed7 \u0111\u01b0\u1ee3c s\u1ea5y kh\u00f4, h\u1ea1n ch\u1ebf t\u00ecnh trang: kh\u00f4 n\u1ee9t, m\u1ed1i m\u1ecdt, cong v\u00eanh<br \/>\n&#8211; H\u1ea1n ch\u1ebf d\u0103m, m\u00f9n, n\u1ea5m m\u1ed1c b\u1ec1 m\u1eb7t th\u1edbt<br \/>\n&#8211; Th\u00e2n thi\u1ec7n v\u1edbi l\u01b0\u1ee1i dao, kh\u00f4ng l\u00e0m x\u01b0\u1edbc dao<br \/>\n&#8211; An to\u00e0n v\u1edbi th\u1ef1c ph\u1ea9m ch\u00edn v\u00e0 s\u1ee9c kho\u1ebb ng\u01b0\u1eddi s\u1eed d\u1ee5ng<\/p>\n<p><strong>4. L\u01b0u \u00fd:<\/strong><br \/>\n&#8211; R\u1eeda th\u1edbt b\u1eb1ng n\u01b0\u1edbc \u1ea5m v\u1edbi c\u00e1c ch\u1ea5t t\u1ea9y r\u1eeda nh\u1eb9 sau m\u1ed7i l\u1ea7n s\u1eed d\u1ee5ng v\u00e0 lau kh\u00f4 b\u1eb1ng kh\u0103n s\u1ea1ch ho\u1eb7c \u0111\u1ec3 kh\u00f4 t\u1ef1 nhi\u00ean<br \/>\n&#8211; C\u00f3 th\u1ec3 d\u00f9ng d\u1ea7u th\u1ef1c v\u1eadt, baking soda, chanh ho\u1eb7c gi\u1ea5m \u0111\u1ec3 kh\u1eed m\u00f9i v\u00e0 v\u1ec7 sinh th\u1edbt \u0111\u1ecbnh k\u00ec<br \/>\n&#8211; Kh\u00f4ng ng\u00e2m th\u1edbt v\u00e0o n\u01b0\u1edbc<br \/>\n&#8211; Kh\u00f4ng n\u00ean d\u00f9ng m\u00e1y r\u1eeda b\u00e1t<\/p>\n","protected":false},"excerpt":{"rendered":"<p><strong>1. K\u00edch th\u01b0\u1edbc<\/strong>: 400x220x18mm &amp; 340x220x18mm<\/p>\n<p><img loading=\"lazy\" class=\"alignnone size-medium wp-image-4375\" src=\"https:\/\/vibasic.com\/wp-content\/uploads\/2025\/02\/vt29_3-400x400.jpg\" alt=\"\" width=\"400\" height=\"400\" srcset=\"https:\/\/vibasic.com\/wp-content\/uploads\/2025\/02\/vt29_3-400x400.jpg 400w, https:\/\/vibasic.com\/wp-content\/uploads\/2025\/02\/vt29_3-150x150.jpg 150w, https:\/\/vibasic.com\/wp-content\/uploads\/2025\/02\/vt29_3-768x768.jpg 768w, https:\/\/vibasic.com\/wp-content\/uploads\/2025\/02\/vt29_3-120x120.jpg 120w, https:\/\/vibasic.com\/wp-content\/uploads\/2025\/02\/vt29_3-600x600.jpg 600w, https:\/\/vibasic.com\/wp-content\/uploads\/2025\/02\/vt29_3-300x300.jpg 300w, https:\/\/vibasic.com\/wp-content\/uploads\/2025\/02\/vt29_3-100x100.jpg 100w, https:\/\/vibasic.com\/wp-content\/uploads\/2025\/02\/vt29_3.jpg 1000w\" sizes=\"(max-width: 400px) 100vw, 400px\" \/><\/p>\n<p>&nbsp;<\/p>\n<p><strong>2. Ch\u1ea5t li\u1ec7u:<\/strong> 100% g\u1ed7 Teak r\u1eebng tr\u1ed3ng<\/p>\n<p><strong>3. \u0110\u1eb7c \u0111i\u1ec3m<\/strong><br \/>\n&#8211; Nguy\u00ean li\u1ec7u g\u1ed7 \u0111\u01b0\u1ee3c s\u1ea5y kh\u00f4, h\u1ea1n ch\u1ebf t\u00ecnh trang: kh\u00f4 n\u1ee9t, m\u1ed1i m\u1ecdt, cong v\u00eanh<br \/>\n&#8211; H\u1ea1n ch\u1ebf d\u0103m, m\u00f9n, n\u1ea5m m\u1ed1c b\u1ec1 m\u1eb7t th\u1edbt<br \/>\n&#8211; Th\u00e2n thi\u1ec7n v\u1edbi l\u01b0\u1ee1i dao, kh\u00f4ng l\u00e0m x\u01b0\u1edbc dao<br \/>\n&#8211; An to\u00e0n v\u1edbi th\u1ef1c ph\u1ea9m ch\u00edn v\u00e0 s\u1ee9c kho\u1ebb ng\u01b0\u1eddi s\u1eed d\u1ee5ng<\/p>\n<p><strong>4. L\u01b0u \u00fd:<\/strong><br \/>\n&#8211; R\u1eeda th\u1edbt b\u1eb1ng n\u01b0\u1edbc \u1ea5m v\u1edbi c\u00e1c ch\u1ea5t t\u1ea9y r\u1eeda nh\u1eb9 sau m\u1ed7i l\u1ea7n s\u1eed d\u1ee5ng v\u00e0 lau kh\u00f4 b\u1eb1ng kh\u0103n s\u1ea1ch ho\u1eb7c \u0111\u1ec3 kh\u00f4 t\u1ef1 nhi\u00ean<br \/>\n&#8211; C\u00f3 th\u1ec3 d\u00f9ng d\u1ea7u th\u1ef1c v\u1eadt, baking soda, chanh ho\u1eb7c gi\u1ea5m \u0111\u1ec3 kh\u1eed m\u00f9i v\u00e0 v\u1ec7 sinh th\u1edbt \u0111\u1ecbnh k\u00ec<br \/>\n&#8211; Kh\u00f4ng ng\u00e2m th\u1edbt v\u00e0o n\u01b0\u1edbc<br \/>\n&#8211; Kh\u00f4ng n\u00ean d\u00f9ng m\u00e1y r\u1eeda b\u00e1t<\/p>\n","protected":false},"featured_media":4360,"comment_status":"open","ping_status":"closed","template":"","meta":[],"product_cat":[268,262,265,271],"product_tag":[],"yoast_head":"<!-- This site is optimized with the Yoast SEO plugin v19.1 - https:\/\/yoast.com\/wordpress\/plugins\/seo\/ -->\n<title>B\u1ed9 th\u1edbt Uy\u00ean \u01b0\u01a1ng g\u1ed7 Teak gh\u00e9p ngang solid, k\u00edch th\u01b0\u1edbc 400x220x18mm &amp; 340x220x18mm - Vibasic.com<\/title>\n<meta name=\"robots\" content=\"index, follow, max-snippet:-1, max-image-preview:large, max-video-preview:-1\" \/>\n<link rel=\"canonical\" href=\"https:\/\/vibasic.com\/ja\/san-pham\/bo-thot-uyen-uong-go-teak-ghep-ngang-solid-kich-thuoc-400x220x18mm-340x220x18mm\/\" \/>\n<meta property=\"og:locale\" content=\"ja_JP\" \/>\n<meta property=\"og:type\" content=\"article\" \/>\n<meta property=\"og:title\" content=\"B\u1ed9 th\u1edbt Uy\u00ean \u01b0\u01a1ng g\u1ed7 Teak gh\u00e9p ngang solid, k\u00edch th\u01b0\u1edbc 400x220x18mm &amp; 340x220x18mm - Vibasic.com\" \/>\n<meta property=\"og:description\" content=\"1. K\u00edch th\u01b0\u1edbc: 400x220x18mm &amp; 340x220x18mm    &nbsp;  2. Ch\u1ea5t li\u1ec7u: 100% g\u1ed7 Teak r\u1eebng tr\u1ed3ng  3. \u0110\u1eb7c \u0111i\u1ec3m - Nguy\u00ean li\u1ec7u g\u1ed7 \u0111\u01b0\u1ee3c s\u1ea5y kh\u00f4, h\u1ea1n ch\u1ebf t\u00ecnh trang: kh\u00f4 n\u1ee9t, m\u1ed1i m\u1ecdt, cong v\u00eanh - H\u1ea1n ch\u1ebf d\u0103m, m\u00f9n, n\u1ea5m m\u1ed1c b\u1ec1 m\u1eb7t th\u1edbt - Th\u00e2n thi\u1ec7n v\u1edbi l\u01b0\u1ee1i dao, kh\u00f4ng l\u00e0m x\u01b0\u1edbc dao - An to\u00e0n v\u1edbi th\u1ef1c ph\u1ea9m ch\u00edn v\u00e0 s\u1ee9c kho\u1ebb ng\u01b0\u1eddi s\u1eed d\u1ee5ng  4. L\u01b0u \u00fd: - R\u1eeda th\u1edbt b\u1eb1ng n\u01b0\u1edbc \u1ea5m v\u1edbi c\u00e1c ch\u1ea5t t\u1ea9y r\u1eeda nh\u1eb9 sau m\u1ed7i l\u1ea7n s\u1eed d\u1ee5ng v\u00e0 lau kh\u00f4 b\u1eb1ng kh\u0103n s\u1ea1ch ho\u1eb7c \u0111\u1ec3 kh\u00f4 t\u1ef1 nhi\u00ean - C\u00f3 th\u1ec3 d\u00f9ng d\u1ea7u th\u1ef1c v\u1eadt, baking soda, chanh ho\u1eb7c gi\u1ea5m \u0111\u1ec3 kh\u1eed m\u00f9i v\u00e0 v\u1ec7 sinh th\u1edbt \u0111\u1ecbnh k\u00ec - Kh\u00f4ng ng\u00e2m th\u1edbt v\u00e0o n\u01b0\u1edbc - Kh\u00f4ng n\u00ean d\u00f9ng m\u00e1y r\u1eeda b\u00e1t\" \/>\n<meta property=\"og:url\" content=\"https:\/\/vibasic.com\/san-pham\/bo-thot-uyen-uong-go-teak-ghep-ngang-solid-kich-thuoc-400x220x18mm-340x220x18mm\/\" \/>\n<meta property=\"og:site_name\" content=\"Vibasic.com\" \/>\n<meta property=\"article:modified_time\" content=\"2025-12-31T02:29:20+00:00\" \/>\n<meta property=\"og:image\" content=\"https:\/\/vibasic.com\/wp-content\/uploads\/2025\/02\/vt29-thumnail.jpg\" \/>\n\t<meta property=\"og:image:width\" content=\"1000\" \/>\n\t<meta property=\"og:image:height\" content=\"1000\" \/>\n\t<meta property=\"og:image:type\" content=\"image\/jpeg\" \/>\n<meta name=\"twitter:card\" content=\"summary_large_image\" \/>\n<meta name=\"twitter:label1\" content=\"\u63a8\u5b9a\u8aad\u307f\u53d6\u308a\u6642\u9593\" \/>\n\t<meta name=\"twitter:data1\" content=\"1\u5206\" \/>\n<script type=\"application\/ld+json\" class=\"yoast-schema-graph\">{\"@context\":\"https:\/\/schema.org\",\"@graph\":[{\"@type\":\"WebSite\",\"@id\":\"https:\/\/vibasic.com\/#website\",\"url\":\"https:\/\/vibasic.com\/\",\"name\":\"Vibasic.com\",\"description\":\"Th\u1edbt g\u1ed7 teak cao c\u1ea5p\",\"potentialAction\":[{\"@type\":\"SearchAction\",\"target\":{\"@type\":\"EntryPoint\",\"urlTemplate\":\"https:\/\/vibasic.com\/?s={search_term_string}\"},\"query-input\":\"required name=search_term_string\"}],\"inLanguage\":\"ja\"},{\"@type\":\"ImageObject\",\"inLanguage\":\"ja\",\"@id\":\"https:\/\/vibasic.com\/san-pham\/bo-thot-uyen-uong-go-teak-ghep-ngang-solid-kich-thuoc-400x220x18mm-340x220x18mm\/#primaryimage\",\"url\":\"https:\/\/vibasic.com\/wp-content\/uploads\/2025\/02\/vt29-thumnail.jpg\",\"contentUrl\":\"https:\/\/vibasic.com\/wp-content\/uploads\/2025\/02\/vt29-thumnail.jpg\",\"width\":1000,\"height\":1000},{\"@type\":\"WebPage\",\"@id\":\"https:\/\/vibasic.com\/san-pham\/bo-thot-uyen-uong-go-teak-ghep-ngang-solid-kich-thuoc-400x220x18mm-340x220x18mm\/#webpage\",\"url\":\"https:\/\/vibasic.com\/san-pham\/bo-thot-uyen-uong-go-teak-ghep-ngang-solid-kich-thuoc-400x220x18mm-340x220x18mm\/\",\"name\":\"B\u1ed9 th\u1edbt Uy\u00ean \u01b0\u01a1ng g\u1ed7 Teak gh\u00e9p ngang solid, k\u00edch th\u01b0\u1edbc 400x220x18mm & 340x220x18mm - Vibasic.com\",\"isPartOf\":{\"@id\":\"https:\/\/vibasic.com\/#website\"},\"primaryImageOfPage\":{\"@id\":\"https:\/\/vibasic.com\/san-pham\/bo-thot-uyen-uong-go-teak-ghep-ngang-solid-kich-thuoc-400x220x18mm-340x220x18mm\/#primaryimage\"},\"datePublished\":\"2025-02-21T04:27:08+00:00\",\"dateModified\":\"2025-12-31T02:29:20+00:00\",\"breadcrumb\":{\"@id\":\"https:\/\/vibasic.com\/san-pham\/bo-thot-uyen-uong-go-teak-ghep-ngang-solid-kich-thuoc-400x220x18mm-340x220x18mm\/#breadcrumb\"},\"inLanguage\":\"ja\",\"potentialAction\":[{\"@type\":\"ReadAction\",\"target\":[\"https:\/\/vibasic.com\/san-pham\/bo-thot-uyen-uong-go-teak-ghep-ngang-solid-kich-thuoc-400x220x18mm-340x220x18mm\/\"]}]},{\"@type\":\"BreadcrumbList\",\"@id\":\"https:\/\/vibasic.com\/san-pham\/bo-thot-uyen-uong-go-teak-ghep-ngang-solid-kich-thuoc-400x220x18mm-340x220x18mm\/#breadcrumb\",\"itemListElement\":[{\"@type\":\"ListItem\",\"position\":1,\"name\":\"Home\",\"item\":\"https:\/\/vibasic.com\/ja\/%e3%83%9b%e3%83%bc%e3%83%a0%e3%83%9a%e3%83%bc%e3%82%b8\/\"},{\"@type\":\"ListItem\",\"position\":2,\"name\":\"\u5e97\",\"item\":\"https:\/\/vibasic.com\/%e5%ba%97\/\"},{\"@type\":\"ListItem\",\"position\":3,\"name\":\"B\u1ed9 th\u1edbt Uy\u00ean \u01b0\u01a1ng g\u1ed7 Teak gh\u00e9p ngang solid, k\u00edch th\u01b0\u1edbc 400x220x18mm &#038; 340x220x18mm\"}]}]}<\/script>\n<!-- \/ Yoast SEO plugin. -->","yoast_head_json":{"title":"B\u1ed9 th\u1edbt Uy\u00ean \u01b0\u01a1ng g\u1ed7 Teak gh\u00e9p ngang solid, k\u00edch th\u01b0\u1edbc 400x220x18mm & 340x220x18mm - Vibasic.com","robots":{"index":"index","follow":"follow","max-snippet":"max-snippet:-1","max-image-preview":"max-image-preview:large","max-video-preview":"max-video-preview:-1"},"canonical":"https:\/\/vibasic.com\/ja\/san-pham\/bo-thot-uyen-uong-go-teak-ghep-ngang-solid-kich-thuoc-400x220x18mm-340x220x18mm\/","og_locale":"ja_JP","og_type":"article","og_title":"B\u1ed9 th\u1edbt Uy\u00ean \u01b0\u01a1ng g\u1ed7 Teak gh\u00e9p ngang solid, k\u00edch th\u01b0\u1edbc 400x220x18mm & 340x220x18mm - Vibasic.com","og_description":"1. K\u00edch th\u01b0\u1edbc: 400x220x18mm &amp; 340x220x18mm    &nbsp;  2. Ch\u1ea5t li\u1ec7u: 100% g\u1ed7 Teak r\u1eebng tr\u1ed3ng  3. \u0110\u1eb7c \u0111i\u1ec3m - Nguy\u00ean li\u1ec7u g\u1ed7 \u0111\u01b0\u1ee3c s\u1ea5y kh\u00f4, h\u1ea1n ch\u1ebf t\u00ecnh trang: kh\u00f4 n\u1ee9t, m\u1ed1i m\u1ecdt, cong v\u00eanh - H\u1ea1n ch\u1ebf d\u0103m, m\u00f9n, n\u1ea5m m\u1ed1c b\u1ec1 m\u1eb7t th\u1edbt - Th\u00e2n thi\u1ec7n v\u1edbi l\u01b0\u1ee1i dao, kh\u00f4ng l\u00e0m x\u01b0\u1edbc dao - An to\u00e0n v\u1edbi th\u1ef1c ph\u1ea9m ch\u00edn v\u00e0 s\u1ee9c kho\u1ebb ng\u01b0\u1eddi s\u1eed d\u1ee5ng  4. L\u01b0u \u00fd: - R\u1eeda th\u1edbt b\u1eb1ng n\u01b0\u1edbc \u1ea5m v\u1edbi c\u00e1c ch\u1ea5t t\u1ea9y r\u1eeda nh\u1eb9 sau m\u1ed7i l\u1ea7n s\u1eed d\u1ee5ng v\u00e0 lau kh\u00f4 b\u1eb1ng kh\u0103n s\u1ea1ch ho\u1eb7c \u0111\u1ec3 kh\u00f4 t\u1ef1 nhi\u00ean - C\u00f3 th\u1ec3 d\u00f9ng d\u1ea7u th\u1ef1c v\u1eadt, baking soda, chanh ho\u1eb7c gi\u1ea5m \u0111\u1ec3 kh\u1eed m\u00f9i v\u00e0 v\u1ec7 sinh th\u1edbt \u0111\u1ecbnh k\u00ec - Kh\u00f4ng ng\u00e2m th\u1edbt v\u00e0o n\u01b0\u1edbc - Kh\u00f4ng n\u00ean d\u00f9ng m\u00e1y r\u1eeda b\u00e1t","og_url":"https:\/\/vibasic.com\/san-pham\/bo-thot-uyen-uong-go-teak-ghep-ngang-solid-kich-thuoc-400x220x18mm-340x220x18mm\/","og_site_name":"Vibasic.com","article_modified_time":"2025-12-31T02:29:20+00:00","og_image":[{"width":1000,"height":1000,"url":"https:\/\/vibasic.com\/wp-content\/uploads\/2025\/02\/vt29-thumnail.jpg","type":"image\/jpeg"}],"twitter_card":"summary_large_image","twitter_misc":{"\u63a8\u5b9a\u8aad\u307f\u53d6\u308a\u6642\u9593":"1\u5206"},"schema":{"@context":"https:\/\/schema.org","@graph":[{"@type":"WebSite","@id":"https:\/\/vibasic.com\/#website","url":"https:\/\/vibasic.com\/","name":"Vibasic.com","description":"Th\u1edbt g\u1ed7 teak cao c\u1ea5p","potentialAction":[{"@type":"SearchAction","target":{"@type":"EntryPoint","urlTemplate":"https:\/\/vibasic.com\/?s={search_term_string}"},"query-input":"required name=search_term_string"}],"inLanguage":"ja"},{"@type":"ImageObject","inLanguage":"ja","@id":"https:\/\/vibasic.com\/san-pham\/bo-thot-uyen-uong-go-teak-ghep-ngang-solid-kich-thuoc-400x220x18mm-340x220x18mm\/#primaryimage","url":"https:\/\/vibasic.com\/wp-content\/uploads\/2025\/02\/vt29-thumnail.jpg","contentUrl":"https:\/\/vibasic.com\/wp-content\/uploads\/2025\/02\/vt29-thumnail.jpg","width":1000,"height":1000},{"@type":"WebPage","@id":"https:\/\/vibasic.com\/san-pham\/bo-thot-uyen-uong-go-teak-ghep-ngang-solid-kich-thuoc-400x220x18mm-340x220x18mm\/#webpage","url":"https:\/\/vibasic.com\/san-pham\/bo-thot-uyen-uong-go-teak-ghep-ngang-solid-kich-thuoc-400x220x18mm-340x220x18mm\/","name":"B\u1ed9 th\u1edbt Uy\u00ean \u01b0\u01a1ng g\u1ed7 Teak gh\u00e9p ngang solid, k\u00edch th\u01b0\u1edbc 400x220x18mm & 340x220x18mm - Vibasic.com","isPartOf":{"@id":"https:\/\/vibasic.com\/#website"},"primaryImageOfPage":{"@id":"https:\/\/vibasic.com\/san-pham\/bo-thot-uyen-uong-go-teak-ghep-ngang-solid-kich-thuoc-400x220x18mm-340x220x18mm\/#primaryimage"},"datePublished":"2025-02-21T04:27:08+00:00","dateModified":"2025-12-31T02:29:20+00:00","breadcrumb":{"@id":"https:\/\/vibasic.com\/san-pham\/bo-thot-uyen-uong-go-teak-ghep-ngang-solid-kich-thuoc-400x220x18mm-340x220x18mm\/#breadcrumb"},"inLanguage":"ja","potentialAction":[{"@type":"ReadAction","target":["https:\/\/vibasic.com\/san-pham\/bo-thot-uyen-uong-go-teak-ghep-ngang-solid-kich-thuoc-400x220x18mm-340x220x18mm\/"]}]},{"@type":"BreadcrumbList","@id":"https:\/\/vibasic.com\/san-pham\/bo-thot-uyen-uong-go-teak-ghep-ngang-solid-kich-thuoc-400x220x18mm-340x220x18mm\/#breadcrumb","itemListElement":[{"@type":"ListItem","position":1,"name":"Home","item":"https:\/\/vibasic.com\/ja\/%e3%83%9b%e3%83%bc%e3%83%a0%e3%83%9a%e3%83%bc%e3%82%b8\/"},{"@type":"ListItem","position":2,"name":"\u5e97","item":"https:\/\/vibasic.com\/%e5%ba%97\/"},{"@type":"ListItem","position":3,"name":"B\u1ed9 th\u1edbt Uy\u00ean \u01b0\u01a1ng g\u1ed7 Teak gh\u00e9p ngang solid, k\u00edch th\u01b0\u1edbc 400x220x18mm &#038; 340x220x18mm"}]}]}},"_links":{"self":[{"href":"https:\/\/vibasic.com\/ja\/wp-json\/wp\/v2\/product\/4359"}],"collection":[{"href":"https:\/\/vibasic.com\/ja\/wp-json\/wp\/v2\/product"}],"about":[{"href":"https:\/\/vibasic.com\/ja\/wp-json\/wp\/v2\/types\/product"}],"replies":[{"embeddable":true,"href":"https:\/\/vibasic.com\/ja\/wp-json\/wp\/v2\/comments?post=4359"}],"wp:featuredmedia":[{"embeddable":true,"href":"https:\/\/vibasic.com\/ja\/wp-json\/wp\/v2\/media\/4360"}],"wp:attachment":[{"href":"https:\/\/vibasic.com\/ja\/wp-json\/wp\/v2\/media?parent=4359"}],"wp:term":[{"taxonomy":"product_cat","embeddable":true,"href":"https:\/\/vibasic.com\/ja\/wp-json\/wp\/v2\/product_cat?post=4359"},{"taxonomy":"product_tag","embeddable":true,"href":"https:\/\/vibasic.com\/ja\/wp-json\/wp\/v2\/product_tag?post=4359"}],"curies":[{"name":"wp","href":"https:\/\/api.w.org\/{rel}","templated":true}]}}